{"id":103,"date":"2017-02-27T11:47:49","date_gmt":"2017-02-27T10:47:49","guid":{"rendered":"http:\/\/quergesang.de\/wordpress\/?page_id=103"},"modified":"2025-04-24T21:43:14","modified_gmt":"2025-04-24T19:43:14","slug":"hysterische-furien-und-schnatternde-gaense-musikalisch-literarische-impressionen-ueber-den-schwierigen-weg-der-frauen-in-die-politik","status":"publish","type":"page","link":"http:\/\/quergesang.de\/wordpress\/hysterische-furien-und-schnatternde-gaense-musikalisch-literarische-impressionen-ueber-den-schwierigen-weg-der-frauen-in-die-politik\/","title":{"rendered":"&#8222;Hysterische Furien und schnatternde G\u00e4nse&#8220;"},"content":{"rendered":"<h6>Musikalisch-literarische Impressionen \u00fcber den schwierigen Weg der Frauen in die Politik<\/h6>\n<p>Als am 9. November 1918 in M\u00fcnchen der \u201eFreistaat\u201c Bayern ausgerufen wurde, war nicht nur die Monarchie und der verheerende I. Weltkrieg zu Ende, die Republik brachte auch einen ungeheuren Fortschritt f\u00fcr die Frauen: Sie bekamen das aktive und passive Wahlrecht. Damit fiel ein jahrhundertealtes Privileg der M\u00e4nner, n\u00e4mlich allein bestimmend Politik zu machen. Und die M\u00e4nner machten es ihrer weiblichen Konkurrenz nicht leicht. Die ersten Politikerinnen in den Parlamenten mussten Haare auf den Z\u00e4hnen haben, um sich durchzusetzen\u2026.<img loading=\"lazy\" decoding=\"async\" class=\" wp-image-577 alignleft\" src=\"http:\/\/quergesang.de\/wp-content\/uploads\/2025\/04\/25-03-08-Frauen-LT-Plakat-239x300.jpg\" alt=\"\" width=\"138\" height=\"173\" srcset=\"http:\/\/quergesang.de\/wp-content\/uploads\/2025\/04\/25-03-08-Frauen-LT-Plakat-239x300.jpg 239w, http:\/\/quergesang.de\/wp-content\/uploads\/2025\/04\/25-03-08-Frauen-LT-Plakat.jpg 621w\" sizes=\"auto, (max-width: 138px) 85vw, 138px\" \/><\/p>\n<p>19 Frauen, wie sie unterschiedlicher nicht sein konnten, sa\u00dfen w\u00e4hrend der Weimarer Republik von 1918-1933 im bayerischen Landtag, manche nur kurze Zeit, manche mehr als zehn Jahre lang. Davon handelt der Text von <a href=\"http:\/\/www.karinsommer.de\/\" target=\"_blank\" rel=\"noopener\">Karin Sommer<\/a> im Zentrum der Auff\u00fchrung, der mit verteilten Rollen szenisch und unterhaltsam dargebracht wird. Davor und danach handeln die Lieder von der Situation der Frauen in Geschichte und Gegenwart.<\/p>\n<p><strong>Auftritte mit Programmbeispielen:<\/strong><br \/>\n<a href=\"http:\/\/quergesang.de\/9-3-12.php\">&#8211; am 12. M\u00e4rz 2009 in der Seidlvilla \/ M\u00fcnchen<\/a><br \/>\n&#8211; am 08. M\u00e4rz 2025 im Fraunhofertheater \/ M\u00fcnchen<\/p>\n<p>&nbsp;<\/p>\n<p>&nbsp;<\/p>\n<p>&nbsp;<\/p>\n","protected":false},"excerpt":{"rendered":"<p>Musikalisch-literarische Impressionen \u00fcber den schwierigen Weg der Frauen in die Politik Als am 9. November 1918 in M\u00fcnchen der \u201eFreistaat\u201c Bayern ausgerufen wurde, war nicht nur die Monarchie und der verheerende I. Weltkrieg zu Ende, die Republik brachte auch einen ungeheuren Fortschritt f\u00fcr die Frauen: Sie bekamen das aktive und passive Wahlrecht. Damit fiel ein &hellip; <a href=\"http:\/\/quergesang.de\/wordpress\/hysterische-furien-und-schnatternde-gaense-musikalisch-literarische-impressionen-ueber-den-schwierigen-weg-der-frauen-in-die-politik\/\" class=\"more-link\"><span class=\"screen-reader-text\">\u201e&#8222;Hysterische Furien und schnatternde G\u00e4nse&#8220;\u201c <\/span>weiterlesen<\/a><\/p>\n","protected":false},"author":1,"featured_media":88,"parent":0,"menu_order":0,"comment_status":"closed","ping_status":"closed","template":"","meta":{"footnotes":""},"class_list":["post-103","page","type-page","status-publish","has-post-thumbnail","hentry"],"_links":{"self":[{"href":"http:\/\/quergesang.de\/wordpress\/wp-json\/wp\/v2\/pages\/103","targetHints":{"allow":["GET"]}}],"collection":[{"href":"http:\/\/quergesang.de\/wordpress\/wp-json\/wp\/v2\/pages"}],"about":[{"href":"http:\/\/quergesang.de\/wordpress\/wp-json\/wp\/v2\/types\/page"}],"author":[{"embeddable":true,"href":"http:\/\/quergesang.de\/wordpress\/wp-json\/wp\/v2\/users\/1"}],"replies":[{"embeddable":true,"href":"http:\/\/quergesang.de\/wordpress\/wp-json\/wp\/v2\/comments?post=103"}],"version-history":[{"count":4,"href":"http:\/\/quergesang.de\/wordpress\/wp-json\/wp\/v2\/pages\/103\/revisions"}],"predecessor-version":[{"id":579,"href":"http:\/\/quergesang.de\/wordpress\/wp-json\/wp\/v2\/pages\/103\/revisions\/579"}],"wp:featuredmedia":[{"embeddable":true,"href":"http:\/\/quergesang.de\/wordpress\/wp-json\/wp\/v2\/media\/88"}],"wp:attachment":[{"href":"http:\/\/quergesang.de\/wordpress\/wp-json\/wp\/v2\/media?parent=103"}],"curies":[{"name":"wp","href":"https:\/\/api.w.org\/{rel}","templated":true}]}}