{"id":106,"date":"2017-02-27T11:50:32","date_gmt":"2017-02-27T10:50:32","guid":{"rendered":"http:\/\/quergesang.de\/wordpress\/?page_id=106"},"modified":"2025-04-24T21:46:17","modified_gmt":"2025-04-24T19:46:17","slug":"kantate-der-kleinen-leute","status":"publish","type":"page","link":"http:\/\/quergesang.de\/wordpress\/kantate-der-kleinen-leute\/","title":{"rendered":"Kantate der kleinen Leute"},"content":{"rendered":"<div class=\"bild\" title=\"&quot;Erich M\u00fchsam auf dem Weg in die Revolution&quot;\"><\/div>\n<p>Immer wieder hat unser Chorleiter Ferdinand Silhanek dem Chor Lieder \u201eauf den Leib\u201c geschrieben, wenn ihn gute Texte animiert haben. Bei der \u201eKantate der kleinen Leute\u201c handelt es sich gleich um 18 neu vertonte Texte von Autoren wie Christian Morgenstern, Peter Paul Althaus, Jura Soyfer, Bertolt Brecht, Georg Weerth oder dem Kollektiv Rote R\u00fcbe.<img loading=\"lazy\" decoding=\"async\" class=\"alignright size-medium wp-image-582\" src=\"http:\/\/quergesang.de\/wp-content\/uploads\/2025\/04\/7.-november-1918-240-x-240-cm-300x300.jpg\" alt=\"\" width=\"300\" height=\"300\" srcset=\"http:\/\/quergesang.de\/wp-content\/uploads\/2025\/04\/7.-november-1918-240-x-240-cm-300x300.jpg 300w, http:\/\/quergesang.de\/wp-content\/uploads\/2025\/04\/7.-november-1918-240-x-240-cm-1024x1024.jpg 1024w, http:\/\/quergesang.de\/wp-content\/uploads\/2025\/04\/7.-november-1918-240-x-240-cm-150x150.jpg 150w, http:\/\/quergesang.de\/wp-content\/uploads\/2025\/04\/7.-november-1918-240-x-240-cm-768x768.jpg 768w, http:\/\/quergesang.de\/wp-content\/uploads\/2025\/04\/7.-november-1918-240-x-240-cm-1536x1536.jpg 1536w, http:\/\/quergesang.de\/wp-content\/uploads\/2025\/04\/7.-november-1918-240-x-240-cm-2048x2048.jpg 2048w, http:\/\/quergesang.de\/wp-content\/uploads\/2025\/04\/7.-november-1918-240-x-240-cm-1200x1200.jpg 1200w\" sizes=\"auto, (max-width: 300px) 85vw, 300px\" \/><\/p>\n<p>(Fast) alle Texte stammen aus einer Sammlung, die G\u00fcnther Gerstenberg anl\u00e4sslich der 850-Jahr-Feier M\u00fcnchens zusammen getragen und uns zur Verf\u00fcgung gestellt hat. Er hat auch das Bild mit der Stra\u00dfenbahn gemalt. Und so ergibt sich ein ganz besonderes Monacensical, bei dem sich der Untertanengeist (und der Widerstand dagegen) durchzieht vom Mittelalter bis heute.<\/p>\n<p><strong>Auftritte mit Programmbeispielen:<\/strong><br \/>\n\u2022 <a href=\"http:\/\/quergesang.de\/11-4-14.php\">Am 14.04.2011 im EineWeltHaus \/ M\u00fcnchen<\/a><br \/>\n\u2022 <a href=\"http:\/\/quergesang.de\/12-03-15.php\">Am 15.03.2012 in der Pasinger Fabrik, M\u00fcnchen<\/a><\/p>\n","protected":false},"excerpt":{"rendered":"<p>Immer wieder hat unser Chorleiter Ferdinand Silhanek dem Chor Lieder \u201eauf den Leib\u201c geschrieben, wenn ihn gute Texte animiert haben. Bei der \u201eKantate der kleinen Leute\u201c handelt es sich gleich um 18 neu vertonte Texte von Autoren wie Christian Morgenstern, Peter Paul Althaus, Jura Soyfer, Bertolt Brecht, Georg Weerth oder dem Kollektiv Rote R\u00fcbe. (Fast) &hellip; <a href=\"http:\/\/quergesang.de\/wordpress\/kantate-der-kleinen-leute\/\" class=\"more-link\"><span class=\"screen-reader-text\">\u201eKantate der kleinen Leute\u201c <\/span>weiterlesen<\/a><\/p>\n","protected":false},"author":1,"featured_media":88,"parent":0,"menu_order":0,"comment_status":"closed","ping_status":"closed","template":"","meta":{"footnotes":""},"class_list":["post-106","page","type-page","status-publish","has-post-thumbnail","hentry"],"_links":{"self":[{"href":"http:\/\/quergesang.de\/wordpress\/wp-json\/wp\/v2\/pages\/106","targetHints":{"allow":["GET"]}}],"collection":[{"href":"http:\/\/quergesang.de\/wordpress\/wp-json\/wp\/v2\/pages"}],"about":[{"href":"http:\/\/quergesang.de\/wordpress\/wp-json\/wp\/v2\/types\/page"}],"author":[{"embeddable":true,"href":"http:\/\/quergesang.de\/wordpress\/wp-json\/wp\/v2\/users\/1"}],"replies":[{"embeddable":true,"href":"http:\/\/quergesang.de\/wordpress\/wp-json\/wp\/v2\/comments?post=106"}],"version-history":[{"count":4,"href":"http:\/\/quergesang.de\/wordpress\/wp-json\/wp\/v2\/pages\/106\/revisions"}],"predecessor-version":[{"id":583,"href":"http:\/\/quergesang.de\/wordpress\/wp-json\/wp\/v2\/pages\/106\/revisions\/583"}],"wp:featuredmedia":[{"embeddable":true,"href":"http:\/\/quergesang.de\/wordpress\/wp-json\/wp\/v2\/media\/88"}],"wp:attachment":[{"href":"http:\/\/quergesang.de\/wordpress\/wp-json\/wp\/v2\/media?parent=106"}],"curies":[{"name":"wp","href":"https:\/\/api.w.org\/{rel}","templated":true}]}}