{"id":15,"date":"2016-11-27T17:35:40","date_gmt":"2016-11-27T17:35:40","guid":{"rendered":"http:\/\/localhost\/wordpress\/?page_id=15"},"modified":"2025-05-09T22:57:25","modified_gmt":"2025-05-09T20:57:25","slug":"programme","status":"publish","type":"page","link":"http:\/\/quergesang.de\/wordpress\/programme\/","title":{"rendered":"Programme"},"content":{"rendered":"<p>Wir k\u00f6nnen sowohl kleinere, als auch abendf\u00fcllende Programme anbieten mit unterschiedlichen thematischen Schwerpunkten. Zwei davon waren besonders aufwendig, mit einem speziell f\u00fcr diese Zwecke zusammen gestellten Hanns-Eisler-Orchester, n\u00e4mlich \u201e<a href=\"http:\/\/quergesang.de\/wordpress\/gegen-den-krieg\/\">Gegen den Krieg<\/a>\u201c, in dem es musikalisch vorwiegend um Brecht \/ Eisler ging, sowie \u201e<a href=\"http:\/\/quergesang.de\/wordpress\/seitenwechsel-reden-erst-die-voelker-selber\/\">Seitenwechsel: &#8218;Reden erst die V\u00f6lker selber\u2026&#8216;<\/a>\u201c mit Liedern aus dem internationalen Widerstand gegen den Faschismus. Beide Programme wurden konzipiert und zusammengestellt von Stephan Schindlbeck.<\/p>\n<p>Von der Geschichte der Arbeiterbewegung handelt das historische Programm: \u201e<a href=\"http:\/\/quergesang.de\/wordpress\/wenns-doch-endlich-aufwaerts-ginge\/\">Wenn\u2019s doch endlich aufw\u00e4rts ginge\u2026<\/a>\u201c, das in L\u00e4nge und Inhalt variierbar ist, je nach aktuellem Anlass, und als Basisrepertoire jederzeit wieder aufgef\u00fchrt werden kann. Zum Basisrepertoire geh\u00f6ren auch Lieder zur Frauenbewegung, wie beispielsweise das Programm \u00fcber die \u201e<a href=\"http:\/\/quergesang.de\/wordpress\/hysterische-furien-und-schnatternde-gaense-musikalisch-literarische-impressionen-ueber-den-schwierigen-weg-der-frauen-in-die-politik\/\">Hysterischen Furien und schnatternde G\u00e4nse<\/a>\u201c. Der schwierige Weg der Frauen in die Politik\u201c.<\/p>\n<p>Vom Untertanengeist und dessen Auswirkungen in Geschichte und Gegenwart handelt die \u201e<a href=\"http:\/\/quergesang.de\/wordpress\/kantate-der-kleinen-leute\/\">Kantate der Kleinen Leute<\/a>\u201c, mit ausschlie\u00dflich von unserem Chorleiter Fred Silla aka Ferdinand Silhanek komponierten Liedern, also neu vertonte Texte von bekannten Autoren wie Christian Morgenstern, Peter Paul Althaus, Jura Soyfer, Georg Weerth, Erich M\u00fchsam, Bertolt Brecht u.v.a. Welt-Urauff\u00fchrung war am 14.04.2011 im Eine-Welt-Haus \/ M\u00fcnchen.<\/p>\n<p>Weil wir seitdem insgesamt f\u00fcnf Lieder mit Texten vom grandiosen, mit nur 26 Jahren im KZ Buchenwald verstorbenen \u00f6sterreichischen Dichter Jura Soyfer im Repertoire haben, ist ein weiteres Programm\u00a0<a href=\"http:\/\/quergesang.de\/wordpress\/programme\/jura-soyfer-zuliebe\/\"> &#8222;Jura Soyfer zuliebe&#8230;&#8220;<\/a> entstanden, in dessen Mittelpunkt ein biographisch-literarischer Text von Karin Sommer steht, eingebettet in musikalische Denkanst\u00f6\u00dfe.<\/p>\n<p>Programmbeispiele finden sich hier <a href=\"http:\/\/quergesang.de\/wp-content\/uploads\/2025\/05\/Quergesang-ProgrammeFotos.pdf\">Quergesang Programme+Fotos<\/a><\/p>\n","protected":false},"excerpt":{"rendered":"<p>Wir k\u00f6nnen sowohl kleinere, als auch abendf\u00fcllende Programme anbieten mit unterschiedlichen thematischen Schwerpunkten. Zwei davon waren besonders aufwendig, mit einem speziell f\u00fcr diese Zwecke zusammen gestellten Hanns-Eisler-Orchester, n\u00e4mlich \u201eGegen den Krieg\u201c, in dem es musikalisch vorwiegend um Brecht \/ Eisler ging, sowie \u201eSeitenwechsel: &#8218;Reden erst die V\u00f6lker selber\u2026&#8216;\u201c mit Liedern aus dem internationalen Widerstand gegen &hellip; <a href=\"http:\/\/quergesang.de\/wordpress\/programme\/\" class=\"more-link\"><span class=\"screen-reader-text\">\u201eProgramme\u201c <\/span>weiterlesen<\/a><\/p>\n","protected":false},"author":1,"featured_media":88,"parent":0,"menu_order":0,"comment_status":"closed","ping_status":"closed","template":"","meta":{"footnotes":""},"class_list":["post-15","page","type-page","status-publish","has-post-thumbnail","hentry"],"_links":{"self":[{"href":"http:\/\/quergesang.de\/wordpress\/wp-json\/wp\/v2\/pages\/15","targetHints":{"allow":["GET"]}}],"collection":[{"href":"http:\/\/quergesang.de\/wordpress\/wp-json\/wp\/v2\/pages"}],"about":[{"href":"http:\/\/quergesang.de\/wordpress\/wp-json\/wp\/v2\/types\/page"}],"author":[{"embeddable":true,"href":"http:\/\/quergesang.de\/wordpress\/wp-json\/wp\/v2\/users\/1"}],"replies":[{"embeddable":true,"href":"http:\/\/quergesang.de\/wordpress\/wp-json\/wp\/v2\/comments?post=15"}],"version-history":[{"count":18,"href":"http:\/\/quergesang.de\/wordpress\/wp-json\/wp\/v2\/pages\/15\/revisions"}],"predecessor-version":[{"id":620,"href":"http:\/\/quergesang.de\/wordpress\/wp-json\/wp\/v2\/pages\/15\/revisions\/620"}],"wp:featuredmedia":[{"embeddable":true,"href":"http:\/\/quergesang.de\/wordpress\/wp-json\/wp\/v2\/media\/88"}],"wp:attachment":[{"href":"http:\/\/quergesang.de\/wordpress\/wp-json\/wp\/v2\/media?parent=15"}],"curies":[{"name":"wp","href":"https:\/\/api.w.org\/{rel}","templated":true}]}}