{"id":17,"date":"2016-11-27T17:36:31","date_gmt":"2016-11-27T17:36:31","guid":{"rendered":"http:\/\/localhost\/wordpress\/?page_id=17"},"modified":"2026-02-14T19:10:21","modified_gmt":"2026-02-14T18:10:21","slug":"noten","status":"publish","type":"page","link":"http:\/\/quergesang.de\/wordpress\/noten\/","title":{"rendered":"Noten"},"content":{"rendered":"<p><img loading=\"lazy\" decoding=\"async\" class=\"wp-image-882 alignleft\" src=\"http:\/\/quergesang.de\/wp-content\/uploads\/2025\/07\/Fred-Portraet-e1753533380251-216x300.png\" alt=\"\" width=\"85\" height=\"118\" srcset=\"http:\/\/quergesang.de\/wp-content\/uploads\/2025\/07\/Fred-Portraet-e1753533380251-216x300.png 216w, http:\/\/quergesang.de\/wp-content\/uploads\/2025\/07\/Fred-Portraet-e1753533380251.png 530w\" sizes=\"auto, (max-width: 85px) 85vw, 85px\" \/>Unser langj\u00e4hriger Chorleiter <strong>Ferdinand Silhanek<\/strong> (aka Fred Silla) ist leider im Juni 2025 verstorben. Er hatuns in seiner unvergleichlichen Art neue Qualit\u00e4tswelten erschlossen. Das war nicht nur seinem unbestechlichen Musikverst\u00e4ndnis geschuldet, sondern ganz besonders auch seinen Eigenkompositionen.<\/p>\n<p>Aber auch unser aktueller\u00a0Chorleiter <strong>Martin Bernhard<\/strong> sowie unser fr\u00fcherer Chorleiter <strong>Stephan Schindlbeck<\/strong> haben immer wieder Neuvertonungen von Texten, eigene Chors\u00e4tze und Coverversionen von bekannten Songs mit neuen Texten erstellt, die wir\u00a0gerne der Allgemeinheit zur Verf\u00fcgung stellen. Wir w\u00fc\u00dften allerdings auch gerne, wer warum welche von unseren Noten zu welchen Zwecken nutzt, deshalb findet sich hier nur eine Liste unseres Gesamtrepertoires. Wer Interesse an den Noten eines Liedes hat, bitte bei uns melden:<\/p>\n<p><a href=\"http:\/\/quergesang.de\/wp-content\/uploads\/2025\/04\/1-Repertoire.pdf\">Repertoire<\/a><br \/>\n<img loading=\"lazy\" decoding=\"async\" class=\"wp-image-561 alignright\" src=\"http:\/\/quergesang.de\/wp-content\/uploads\/2025\/04\/Partisanenliederbuch-2-scaled-e1745441730403-218x300.jpg\" alt=\"\" width=\"136\" height=\"188\" srcset=\"http:\/\/quergesang.de\/wp-content\/uploads\/2025\/04\/Partisanenliederbuch-2-scaled-e1745441730403-218x300.jpg 218w, http:\/\/quergesang.de\/wp-content\/uploads\/2025\/04\/Partisanenliederbuch-2-scaled-e1745441730403-744x1024.jpg 744w, http:\/\/quergesang.de\/wp-content\/uploads\/2025\/04\/Partisanenliederbuch-2-scaled-e1745441730403-768x1056.jpg 768w, http:\/\/quergesang.de\/wp-content\/uploads\/2025\/04\/Partisanenliederbuch-2-scaled-e1745441730403-1117x1536.jpg 1117w, http:\/\/quergesang.de\/wp-content\/uploads\/2025\/04\/Partisanenliederbuch-2-scaled-e1745441730403-1489x2048.jpg 1489w, http:\/\/quergesang.de\/wp-content\/uploads\/2025\/04\/Partisanenliederbuch-2-scaled-e1745441730403-1200x1651.jpg 1200w, http:\/\/quergesang.de\/wp-content\/uploads\/2025\/04\/Partisanenliederbuch-2-scaled-e1745441730403.jpg 1861w\" sizes=\"auto, (max-width: 136px) 85vw, 136px\" \/><\/p>\n<p>Gerne verweisen wir auch auf ein Lieder-, Noten- und Textheft, das der Blutspur der faschistischen deutschen Armee im 2. Weltkrieg durch Europa folgt: &#8222;Lieder der Befreiung, der Partisanen und des Widerstands&#8220;. Die Lieder stammen \u00fcberwiegend aus Zeiten, die l\u00e4ngst vergangen zu sein scheinen. Dass sie&#8217;s nicht sind, ahnen oder wissen viele.\u00a0Das Liederheft kostet 10 \u20ac und kann direkt beim Verlag <a href=\"http:\/\/verlagdasfreiebuch.kommega.de\/\">Das neue Buch<\/a> bestellt werden.<\/p>\n<p>&nbsp;<\/p>\n<p style=\"text-align: center;\">\u00dcbrigens &#8211; wu\u00dften Sie schon:<br \/>\nA<strong>rbeiterlieder sind Weltkulturerbe<br \/>\n<\/strong>Das \u201eSingen der Lieder der deutschen Arbeiterbewegung\u201c wurde im Dezember 2014<br \/>\nvon der UNESCO zum immateriellen Kulturerbe erkl\u00e4rt. In der Begr\u00fcndung hei\u00dft es:<br \/>\n<span style=\"color: #ff0000;\">Arbeiterlieder seien als\u00a0 <\/span><span style=\"color: #ff0000;\">gelebte Volkskultur <\/span><span style=\"color: #ff0000;\">von gro\u00dfer Bedeutung<br \/>\nf\u00fcr den Zusammenhalt der V\u00f6lker und das Streben nach Frieden.<br \/>\nH\u00e4ufig wird darin das Leid <\/span><span style=\"color: #ff0000;\">der unterdr\u00fcckten Lohnarbeiter <\/span><span style=\"color: #ff0000;\">beschrieben<\/span><span style=\"color: #ff0000;\">,<br \/>\naber auch die willensstarke Gegenkraft und Hoffnung auf \u00c4nderung der Verh\u00e4ltnisse &#8230;<\/span><\/p>\n","protected":false},"excerpt":{"rendered":"<p>Unser langj\u00e4hriger Chorleiter Ferdinand Silhanek (aka Fred Silla) ist leider im Juni 2025 verstorben. Er hatuns in seiner unvergleichlichen Art neue Qualit\u00e4tswelten erschlossen. Das war nicht nur seinem unbestechlichen Musikverst\u00e4ndnis geschuldet, sondern ganz besonders auch seinen Eigenkompositionen. Aber auch unser aktueller\u00a0Chorleiter Martin Bernhard sowie unser fr\u00fcherer Chorleiter Stephan Schindlbeck haben immer wieder Neuvertonungen von Texten, &hellip; <a href=\"http:\/\/quergesang.de\/wordpress\/noten\/\" class=\"more-link\"><span class=\"screen-reader-text\">\u201eNoten\u201c <\/span>weiterlesen<\/a><\/p>\n","protected":false},"author":1,"featured_media":76,"parent":0,"menu_order":0,"comment_status":"closed","ping_status":"closed","template":"","meta":{"footnotes":""},"class_list":["post-17","page","type-page","status-publish","has-post-thumbnail","hentry"],"_links":{"self":[{"href":"http:\/\/quergesang.de\/wordpress\/wp-json\/wp\/v2\/pages\/17","targetHints":{"allow":["GET"]}}],"collection":[{"href":"http:\/\/quergesang.de\/wordpress\/wp-json\/wp\/v2\/pages"}],"about":[{"href":"http:\/\/quergesang.de\/wordpress\/wp-json\/wp\/v2\/types\/page"}],"author":[{"embeddable":true,"href":"http:\/\/quergesang.de\/wordpress\/wp-json\/wp\/v2\/users\/1"}],"replies":[{"embeddable":true,"href":"http:\/\/quergesang.de\/wordpress\/wp-json\/wp\/v2\/comments?post=17"}],"version-history":[{"count":28,"href":"http:\/\/quergesang.de\/wordpress\/wp-json\/wp\/v2\/pages\/17\/revisions"}],"predecessor-version":[{"id":941,"href":"http:\/\/quergesang.de\/wordpress\/wp-json\/wp\/v2\/pages\/17\/revisions\/941"}],"wp:featuredmedia":[{"embeddable":true,"href":"http:\/\/quergesang.de\/wordpress\/wp-json\/wp\/v2\/media\/76"}],"wp:attachment":[{"href":"http:\/\/quergesang.de\/wordpress\/wp-json\/wp\/v2\/media?parent=17"}],"curies":[{"name":"wp","href":"https:\/\/api.w.org\/{rel}","templated":true}]}}