{"id":362,"date":"2019-02-24T19:43:25","date_gmt":"2019-02-24T18:43:25","guid":{"rendered":"http:\/\/quergesang.de\/wordpress\/?page_id=362"},"modified":"2019-02-24T20:35:13","modified_gmt":"2019-02-24T19:35:13","slug":"hasenbergl-2019","status":"publish","type":"page","link":"http:\/\/quergesang.de\/wordpress\/auftritte\/hasenbergl-2019\/","title":{"rendered":"Kulturzentrum 2411"},"content":{"rendered":"<div id=\"content\" class=\"site-content\">\n<div id=\"primary\" class=\"content-area\">\n<article id=\"post-260\" class=\"post-260 page type-page status-publish hentry\">\n<div class=\"entry-content\">\n<p>In Erinnerung an die Errungenschaften der Revolution 1918 \/ 1919 f\u00f6rdert das Kulturreferat M\u00fcnchen ein gro\u00dfes Veranstaltungsprogramm: \u201e1918-2018 \u2013 Was ist Demokratie?\u201c In diesem Rahmen findet ein\u00a0 Konzertabend der anderen Art statt, in dem es vor allem um die gesellschaftlichen Entstehungsbedingungen von Revolutionen geht, damals und heute, bei uns und anderswo.\u00a0 Der <span style=\"color: #ff6600;\"><strong>QUERGESANG<\/strong> <\/span>gibt musikalisch-unterhaltsame Denkanst\u00f6\u00dfe und schaut mit seinen internationalen Liedern in bayerischer, franz\u00f6sischer, italienischer, spanischer, t\u00fcrkischer, griechischer und russischer Sprache auch \u00fcber den eng-nationalen Tellerrand. Freuen Sie sich auf einen anregenden Abend mit engagierten Liedern u.a. von Bertolt Brecht, Hanns Eisler, Kurt Tucholsky, Erich M\u00fchsam und Theodor Kramer.<\/p>\n<figure id=\"attachment_288\" class=\"wp-caption alignright\"><figcaption class=\"wp-caption-text\"><\/figcaption><\/figure>\n<p><strong><img loading=\"lazy\" decoding=\"async\" class=\"alignnone size-medium wp-image-384\" src=\"http:\/\/quergesang.de\/wordpress\/wp-content\/uploads\/2019\/02\/GesamtbildScheinwerfer-300x180.jpg\" alt=\"\" width=\"300\" height=\"180\" \/> \u00a0 \u00a0\u00a0 Programm<br \/>\n<\/strong><\/p>\n<p>Der Graben<br \/>\nText: Kurt Tucholsky (1926) \/ Musik: Hanns Eisler (1956) Chorsatz: Ferdinand Silhanek<\/p>\n<p>Revolution! Zwiefacher<br \/>\nText: Willi Bauer \/ Musik: traditionell<\/p>\n<p>(Der) Revoluzzer \u2013 der deutschen Sozialdemokratie gewidmet, 1907<br \/>\nText: Erich M\u00fchsam \/ Musik: Bela Reinitz \/ Chorsatz: Erwin Jedamus<\/p>\n<p>Lob eines Revolution\u00e4rs<br \/>\nText: Bertolt Brecht \/ Musik: Hanns Eisler<\/p>\n<p>Vor 8 Jahren<br \/>\nText: Bertolt Brecht \/ Musik: Hanns Eisler<\/p>\n<p>Fl\u00fcchtlingssonett<br \/>\nText: Ludwig Pfau \/ Musik: Arnold Sch\u00f6nberg \/ Bearbeitung: H. Fladt<\/p>\n<p>Ballade von der \u201eJudenhure\u201c Marie Sanders (1934)<br \/>\nText: Bertolt Brecht \/ Musik: Hanns Eisler<\/p>\n<p>Und was bekam des Soldaten Weib? (1942)<br \/>\nText: Bertolt Brecht \/ Musik: Kurt Weill<\/p>\n<p>Oj tumanij (Russisches Partisanenlied 1943)<br \/>\nText: Michael W. Isakowskij \/ Musik: Wladimir G. Zacharow, Chorsatz: Stephan Schindlbeck<\/p>\n<p>Chant de Breendonk (Belgisches Partisanenlied 1942)<br \/>\nText und Musik: anonymus \/ Chorsatz: Stephan Schindlbeck<\/p>\n<p>Drei rote Pfiffe<br \/>\nMusik+Text: Schmetterlinge \/ Chorsatz: Stephan Schindlbeck<\/p>\n<p>Die Haifisch-Hymne<br \/>\nText: Bertolt Brecht (1928) \/ Musik: Joseph Haydn (1797), Chorsatz: Ferdinand Silhanek<\/p>\n<p>S\u2019afti ti jitonia (2008)<br \/>\nText: Manos Elefteriou \/ Musik: Mikis Theodorakis<\/p>\n<p>Bir mayis (1. Mai)<br \/>\nT\u00fcrkisches Kampflied<\/p>\n<p>El Pueblo unido, 1973<br \/>\nText und Musik: Sergio Ortega<\/p>\n<p>Grandola, vila morena<br \/>\nText und Musik: Jos\u00e9 Afonso (1964) \/ Chorsatz: Dick St\u00e4dtler (2012)<\/p>\n<p>Nkosi Sikalela<br \/>\nNationalhymne von Tanzania, Sambia und S\u00fcdafrika<br \/>\nText in Xhosa: Samuel Mqhayi (1927) \/ Musik: Enoch Sontonga (1897)<\/p>\n<p>Andre, die das Land so sehr nicht liebten<br \/>\nText: Theodor Kramer (1938) \/ Musik: Erich Schmeckenbecher<\/p>\n<p>Was ist der Mensch (ohne einen Pa\u00df)<br \/>\nText: Bertolt Brecht \/ Musik: Anne T\u00fcbinger<\/p>\n<p>Lu trenu da disperazioni<br \/>\nTraditionell Sizilien \/ Arr. Xavier Rebut<\/p>\n<p>Warte, warte nur ein Weilchen (1979; aus \u201eHerbstreise\u201c)<br \/>\nText und Musik: Die Schmetterlinge \/ Chorsatz: Stephan Schindlbeck<\/p>\n<p>Ballade vom Baum und den \u00c4sten (1933)<br \/>\nText: Bertolt Brecht \/ Musik: Hanns Eisler<\/p>\n<p>An die Nachgeborenen I<br \/>\nText: Bertolt Brecht \/ Musik: Hanns Eisler \/ Chorsatz: Ferdinand Silhanek<\/p>\n<p>An die Nachgeborenen II<br \/>\nText: Bertolt Brecht \/ Musik: Hanns Eisler \/ Chorsatz: Ferdinand Silhanek<\/p>\n<\/div>\n<\/article>\n<\/div>\n<\/div>\n","protected":false},"excerpt":{"rendered":"<p>In Erinnerung an die Errungenschaften der Revolution 1918 \/ 1919 f\u00f6rdert das Kulturreferat M\u00fcnchen ein gro\u00dfes Veranstaltungsprogramm: \u201e1918-2018 \u2013 Was ist Demokratie?\u201c In diesem Rahmen findet ein\u00a0 Konzertabend der anderen Art statt, in dem es vor allem um die gesellschaftlichen Entstehungsbedingungen von Revolutionen geht, damals und heute, bei uns und anderswo.\u00a0 Der QUERGESANG gibt musikalisch-unterhaltsame &hellip; <a href=\"http:\/\/quergesang.de\/wordpress\/auftritte\/hasenbergl-2019\/\" class=\"more-link\"><span class=\"screen-reader-text\">\u201eKulturzentrum 2411\u201c <\/span>weiterlesen<\/a><\/p>\n","protected":false},"author":2,"featured_media":0,"parent":46,"menu_order":0,"comment_status":"closed","ping_status":"closed","template":"","meta":{"footnotes":""},"class_list":["post-362","page","type-page","status-publish","hentry"],"_links":{"self":[{"href":"http:\/\/quergesang.de\/wordpress\/wp-json\/wp\/v2\/pages\/362","targetHints":{"allow":["GET"]}}],"collection":[{"href":"http:\/\/quergesang.de\/wordpress\/wp-json\/wp\/v2\/pages"}],"about":[{"href":"http:\/\/quergesang.de\/wordpress\/wp-json\/wp\/v2\/types\/page"}],"author":[{"embeddable":true,"href":"http:\/\/quergesang.de\/wordpress\/wp-json\/wp\/v2\/users\/2"}],"replies":[{"embeddable":true,"href":"http:\/\/quergesang.de\/wordpress\/wp-json\/wp\/v2\/comments?post=362"}],"version-history":[{"count":6,"href":"http:\/\/quergesang.de\/wordpress\/wp-json\/wp\/v2\/pages\/362\/revisions"}],"predecessor-version":[{"id":390,"href":"http:\/\/quergesang.de\/wordpress\/wp-json\/wp\/v2\/pages\/362\/revisions\/390"}],"up":[{"embeddable":true,"href":"http:\/\/quergesang.de\/wordpress\/wp-json\/wp\/v2\/pages\/46"}],"wp:attachment":[{"href":"http:\/\/quergesang.de\/wordpress\/wp-json\/wp\/v2\/media?parent=362"}],"curies":[{"name":"wp","href":"https:\/\/api.w.org\/{rel}","templated":true}]}}