{"id":406,"date":"2020-01-12T11:01:34","date_gmt":"2020-01-12T10:01:34","guid":{"rendered":"http:\/\/quergesang.de\/wordpress\/?page_id=406"},"modified":"2020-01-12T11:04:02","modified_gmt":"2020-01-12T10:04:02","slug":"auftritte-2019","status":"publish","type":"page","link":"http:\/\/quergesang.de\/wordpress\/auftritte-2019\/","title":{"rendered":"Auftritte 2019"},"content":{"rendered":"\n<p>FR, 22.11.2019, 19 Uhr, MVHS M\u00fcnchen-Hadern<br>Lustvoll demokratische Lieder singen. Mitmach-Singalong<br><a href=\"https:\/\/www.mvhs.de\/programm\/hadern.8200\/J127007\">mehr&#8230;<\/a><\/p>\n\n\n\n<p>SA, 14.09.2019, 15 Uhr, Isarinselfest<br>Sand im Getriebe. Lieder der Solidarit\u00e4t<br><a href=\"http:\/\/www.isarinselfest.de\/\">mehr&#8230;<\/a><\/p>\n\n\n\n<p>DI, 11.06.2019, 19 Uhr, DGB-Haus M\u00fcnchen, Schwanthalerstr. 56<br>Gefl\u00fcchtete &#8211; ein Teil von uns. AK Aktiv gegen rechts ver.di M\u00fcnchen<\/p>\n\n\n\n<p>MO, 08.04.2019, 20 Uhr, Kulturzentrum 2411, M\u00fcnchen-Hasenbergl<br>Es liegt an uns! Singen in schwierigen Zeiten&#8230;<br><a href=\"http:\/\/quergesang.de\/wordpress\/auftritte\/hasenbergl-2019\/\">mehr&#8230;<\/a><\/p>\n\n\n\n<p>DO, 28.03.2019, 19.30 Uhr, EineWeltHaus M\u00fcnchen<br>Lustvoll Linke Lieder singen: Mitmach-Singalong<br><a href=\"http:\/\/quergesang.de\/wordpress\/wp-content\/uploads\/2019\/02\/19-03-28-Singalong.pdf\">Singalong<\/a><\/p>\n\n\n\n<p>SO, 10.03.2019, 20 Uhr, EineWeltHaus M\u00fcnchen<br>Brot und Rosen f\u00fcr \u201eM\u00f6rtelweibs Tochter\u201c.<br>Von revolution\u00e4ren Frauen damals und heute<br><a href=\"http:\/\/quergesang.de\/wordpress\/auftritte\/einewelthaus-2019\/\">mehr&#8230;<\/a><\/p>\n\n\n\n<p>DO, 14.02.2019, 19.30 Uhr, EineWeltHaus M\u00fcnchen<br>Lustvoll Linke Lieder singen: Mitmach-Singalong<\/p>\n","protected":false},"excerpt":{"rendered":"<p>FR, 22.11.2019, 19 Uhr, MVHS M\u00fcnchen-HadernLustvoll demokratische Lieder singen. Mitmach-Singalongmehr&#8230; SA, 14.09.2019, 15 Uhr, IsarinselfestSand im Getriebe. Lieder der Solidarit\u00e4tmehr&#8230; DI, 11.06.2019, 19 Uhr, DGB-Haus M\u00fcnchen, Schwanthalerstr. 56Gefl\u00fcchtete &#8211; ein Teil von uns. AK Aktiv gegen rechts ver.di M\u00fcnchen MO, 08.04.2019, 20 Uhr, Kulturzentrum 2411, M\u00fcnchen-HasenberglEs liegt an uns! Singen in schwierigen Zeiten&#8230;mehr&#8230; DO, 28.03.2019, &hellip; <a href=\"http:\/\/quergesang.de\/wordpress\/auftritte-2019\/\" class=\"more-link\"><span class=\"screen-reader-text\">\u201eAuftritte 2019\u201c <\/span>weiterlesen<\/a><\/p>\n","protected":false},"author":1,"featured_media":0,"parent":0,"menu_order":0,"comment_status":"closed","ping_status":"closed","template":"","meta":{"footnotes":""},"class_list":["post-406","page","type-page","status-publish","hentry"],"_links":{"self":[{"href":"http:\/\/quergesang.de\/wordpress\/wp-json\/wp\/v2\/pages\/406","targetHints":{"allow":["GET"]}}],"collection":[{"href":"http:\/\/quergesang.de\/wordpress\/wp-json\/wp\/v2\/pages"}],"about":[{"href":"http:\/\/quergesang.de\/wordpress\/wp-json\/wp\/v2\/types\/page"}],"author":[{"embeddable":true,"href":"http:\/\/quergesang.de\/wordpress\/wp-json\/wp\/v2\/users\/1"}],"replies":[{"embeddable":true,"href":"http:\/\/quergesang.de\/wordpress\/wp-json\/wp\/v2\/comments?post=406"}],"version-history":[{"count":4,"href":"http:\/\/quergesang.de\/wordpress\/wp-json\/wp\/v2\/pages\/406\/revisions"}],"predecessor-version":[{"id":412,"href":"http:\/\/quergesang.de\/wordpress\/wp-json\/wp\/v2\/pages\/406\/revisions\/412"}],"wp:attachment":[{"href":"http:\/\/quergesang.de\/wordpress\/wp-json\/wp\/v2\/media?parent=406"}],"curies":[{"name":"wp","href":"https:\/\/api.w.org\/{rel}","templated":true}]}}