{"id":440,"date":"2023-01-03T20:46:15","date_gmt":"2023-01-03T19:46:15","guid":{"rendered":"http:\/\/quergesang.de\/wordpress\/?page_id=440"},"modified":"2023-01-03T20:56:21","modified_gmt":"2023-01-03T19:56:21","slug":"auftritte-2020-2022","status":"publish","type":"page","link":"http:\/\/quergesang.de\/wordpress\/auftritte-2020-2022\/","title":{"rendered":"Auftritte 2020-2022"},"content":{"rendered":"\n<p>SA, 17.09.2022, Rotkreuzplatz M\u00fcnchen<br>Fest der Solidarit\u00e4t<\/p>\n\n\n\n<p class=\"has-text-color has-bright-red-color\"><strong>Achtung: alle Konzerte bis auf Weiteres abgesagt wegen Corona!<\/strong><\/p>\n\n\n\n<p>FR, 08.05.2020, 19 Uhr, MVHS M\u00fcnchen-Hadern<br>Lustvoll demokratische Lieder singen.<br>Mitmach-Singalong zum &#8222;Tag der Befreiung&#8220; (75 Jahre Kriegesende)<\/p>\n\n\n\n<p>SA, 04.04.2020, 20 Uhr, Gasteig \/ Kleiner Konzertsaal<br>Sand im Getriebe&#8230; Lieder der Demokratie, Solidarit\u00e4t und Lebensfreude<br><a href=\"http:\/\/quergesang.de\/wordpress\/wp-content\/uploads\/2020\/03\/20-0304-Plakat.pdf\">mehr&#8230;<\/a><\/p>\n\n\n\n<p>DO, 19.03.2020, 19 Uhr, DGB-Haus M\u00fcnchen \/ Schwanthalerstr. 64<br>Sand im Getriebe&#8230; Lieder der Demokratie, Solidarit\u00e4t und Lebensfreude<br><a href=\"http:\/\/quergesang.de\/wordpress\/wp-content\/uploads\/2020\/03\/20-0304-Plakat.pdf\">mehr&#8230;<\/a><\/p>\n","protected":false},"excerpt":{"rendered":"<p>SA, 17.09.2022, Rotkreuzplatz M\u00fcnchenFest der Solidarit\u00e4t Achtung: alle Konzerte bis auf Weiteres abgesagt wegen Corona! FR, 08.05.2020, 19 Uhr, MVHS M\u00fcnchen-HadernLustvoll demokratische Lieder singen.Mitmach-Singalong zum &#8222;Tag der Befreiung&#8220; (75 Jahre Kriegesende) SA, 04.04.2020, 20 Uhr, Gasteig \/ Kleiner KonzertsaalSand im Getriebe&#8230; Lieder der Demokratie, Solidarit\u00e4t und Lebensfreudemehr&#8230; DO, 19.03.2020, 19 Uhr, DGB-Haus M\u00fcnchen \/ Schwanthalerstr. &hellip; <a href=\"http:\/\/quergesang.de\/wordpress\/auftritte-2020-2022\/\" class=\"more-link\"><span class=\"screen-reader-text\">\u201eAuftritte 2020-2022\u201c <\/span>weiterlesen<\/a><\/p>\n","protected":false},"author":1,"featured_media":0,"parent":0,"menu_order":0,"comment_status":"closed","ping_status":"closed","template":"","meta":{"footnotes":""},"class_list":["post-440","page","type-page","status-publish","hentry"],"_links":{"self":[{"href":"http:\/\/quergesang.de\/wordpress\/wp-json\/wp\/v2\/pages\/440","targetHints":{"allow":["GET"]}}],"collection":[{"href":"http:\/\/quergesang.de\/wordpress\/wp-json\/wp\/v2\/pages"}],"about":[{"href":"http:\/\/quergesang.de\/wordpress\/wp-json\/wp\/v2\/types\/page"}],"author":[{"embeddable":true,"href":"http:\/\/quergesang.de\/wordpress\/wp-json\/wp\/v2\/users\/1"}],"replies":[{"embeddable":true,"href":"http:\/\/quergesang.de\/wordpress\/wp-json\/wp\/v2\/comments?post=440"}],"version-history":[{"count":2,"href":"http:\/\/quergesang.de\/wordpress\/wp-json\/wp\/v2\/pages\/440\/revisions"}],"predecessor-version":[{"id":445,"href":"http:\/\/quergesang.de\/wordpress\/wp-json\/wp\/v2\/pages\/440\/revisions\/445"}],"wp:attachment":[{"href":"http:\/\/quergesang.de\/wordpress\/wp-json\/wp\/v2\/media?parent=440"}],"curies":[{"name":"wp","href":"https:\/\/api.w.org\/{rel}","templated":true}]}}