{"id":494,"date":"2024-06-11T14:19:38","date_gmt":"2024-06-11T12:19:38","guid":{"rendered":"http:\/\/quergesang.de\/wordpress\/?page_id=494"},"modified":"2024-06-11T14:34:25","modified_gmt":"2024-06-11T12:34:25","slug":"auftritte-2023","status":"publish","type":"page","link":"http:\/\/quergesang.de\/wordpress\/auftritte-2023\/","title":{"rendered":"Auftritte 2023"},"content":{"rendered":"<p>FR, 17. November 2023 um 19 Uhr, neuer Gasteig hp8 \/ Saal X <br \/>Doppelkonzert Attac Chor &amp; Quergesang <br \/><a href=\"http:\/\/quergesang.de\/wordpress\/attac-quergesang-zwei-politische-choere-ein-konzert-doppelt-gesungen-haelt-besser\/\">mehr<\/a><\/p>\r\n<!-- \/wp:post-content -->\r\n\r\n<!-- wp:paragraph -->\r\n<p>SA, 8. Juli 2023 um 18 Uhr, EineWeltHaus M\u00fcnchen<br \/>30 Jahre Radio Lora \/ Musikalische Hommage vom Attac Chor &amp; Quergesang<\/p>\r\n<!-- \/wp:paragraph -->\r\n\r\n<!-- wp:paragraph -->\r\n<p>FR, 21. April 2023, EineWeltHaus M\u00fcnchen<br \/>Singen in schwierigen Zeiten&#8230; Lieder \u00fcber Demokratie, Frieden und Solidarit\u00e4t <br \/><a href=\"http:\/\/quergesang.de\/wordpress\/auftritte\/singen-in-schwierigen-zeiten-lieder-fuer-frieden-demokratie-und-solidaritaet\/\">mehr<\/a><\/p>\r\n<!-- \/wp:paragraph -->\r\n\r\n<!-- wp:paragraph -->\r\n<p>SA, 25. M\u00e4rz 2023, Seidlvilla M\u00fcnchen<br \/>Wehrt euch! Ernst Grube zum 90. Geburtstag<\/p>","protected":false},"excerpt":{"rendered":"<p>FR, 17. November 2023 um 19 Uhr, neuer Gasteig hp8 \/ Saal X Doppelkonzert Attac Chor &amp; Quergesang mehr SA, 8. Juli 2023 um 18 Uhr, EineWeltHaus M\u00fcnchen30 Jahre Radio Lora \/ Musikalische Hommage vom Attac Chor &amp; Quergesang FR, 21. April 2023, EineWeltHaus M\u00fcnchenSingen in schwierigen Zeiten&#8230; Lieder \u00fcber Demokratie, Frieden und Solidarit\u00e4t mehr &hellip; <a href=\"http:\/\/quergesang.de\/wordpress\/auftritte-2023\/\" class=\"more-link\"><span class=\"screen-reader-text\">\u201eAuftritte 2023\u201c <\/span>weiterlesen<\/a><\/p>\n","protected":false},"author":1,"featured_media":0,"parent":0,"menu_order":0,"comment_status":"closed","ping_status":"closed","template":"","meta":{"footnotes":""},"class_list":["post-494","page","type-page","status-publish","hentry"],"_links":{"self":[{"href":"http:\/\/quergesang.de\/wordpress\/wp-json\/wp\/v2\/pages\/494","targetHints":{"allow":["GET"]}}],"collection":[{"href":"http:\/\/quergesang.de\/wordpress\/wp-json\/wp\/v2\/pages"}],"about":[{"href":"http:\/\/quergesang.de\/wordpress\/wp-json\/wp\/v2\/types\/page"}],"author":[{"embeddable":true,"href":"http:\/\/quergesang.de\/wordpress\/wp-json\/wp\/v2\/users\/1"}],"replies":[{"embeddable":true,"href":"http:\/\/quergesang.de\/wordpress\/wp-json\/wp\/v2\/comments?post=494"}],"version-history":[{"count":3,"href":"http:\/\/quergesang.de\/wordpress\/wp-json\/wp\/v2\/pages\/494\/revisions"}],"predecessor-version":[{"id":498,"href":"http:\/\/quergesang.de\/wordpress\/wp-json\/wp\/v2\/pages\/494\/revisions\/498"}],"wp:attachment":[{"href":"http:\/\/quergesang.de\/wordpress\/wp-json\/wp\/v2\/media?parent=494"}],"curies":[{"name":"wp","href":"https:\/\/api.w.org\/{rel}","templated":true}]}}