{"id":80,"date":"2017-02-23T13:56:02","date_gmt":"2017-02-23T12:56:02","guid":{"rendered":"http:\/\/quergesang.de\/wordpress\/?page_id=80"},"modified":"2018-01-21T20:42:28","modified_gmt":"2018-01-21T19:42:28","slug":"jura-soyfer-zuliebe","status":"publish","type":"page","link":"http:\/\/quergesang.de\/wordpress\/jura-soyfer-zuliebe\/","title":{"rendered":"Jura Soyfer zuliebe&#8230;"},"content":{"rendered":"<p><figure id=\"attachment_275\" aria-describedby=\"caption-attachment-275\" style=\"width: 231px\" class=\"wp-caption alignright\"><img loading=\"lazy\" decoding=\"async\" class=\"size-medium wp-image-275\" src=\"http:\/\/quergesang.de\/wordpress\/wp-content\/uploads\/2017\/02\/Schoenberger_JuraSoyfer-231x300.jpg\" alt=\"\" width=\"231\" height=\"300\" srcset=\"http:\/\/quergesang.de\/wp-content\/uploads\/2017\/02\/Schoenberger_JuraSoyfer-231x300.jpg 231w, http:\/\/quergesang.de\/wp-content\/uploads\/2017\/02\/Schoenberger_JuraSoyfer-768x999.jpg 768w, http:\/\/quergesang.de\/wp-content\/uploads\/2017\/02\/Schoenberger_JuraSoyfer-787x1024.jpg 787w, http:\/\/quergesang.de\/wp-content\/uploads\/2017\/02\/Schoenberger_JuraSoyfer-1200x1561.jpg 1200w, http:\/\/quergesang.de\/wp-content\/uploads\/2017\/02\/Schoenberger_JuraSoyfer.jpg 1417w\" sizes=\"auto, (max-width: 231px) 85vw, 231px\" \/><figcaption id=\"caption-attachment-275\" class=\"wp-caption-text\">[Jura Soyfer, Gem\u00e4lde von Elke Sch\u00f6nberger \u00a9 JSG]<\/figcaption><\/figure>Der \u00f6sterreichische Dichter und Satiriker Jura Soyfer (1912-1939), der im KZ Buchenwald starb und nur 26 Jahre alt wurde, hat f\u00fcr seine schmale Lebensspanne ein bemerkenswertes Werk hinterlassen, das in \u00fcber 50 Sprachen \u00fcbersetzt worden ist. Am bekanntestes wurde er wohl mit dem Dachau-Lied, aber es gibt noch viel mehr zu entdecken an diesem Abend, der eine Linie zieht von den 1930er Jahren bis heute. Denn es ist dringend n\u00f6tig, damals wie heute, Position zu beziehen gegen die Angst und den Ha\u00df, die nur den v\u00f6lkischen Brandstiftern nutzen.<\/p>\n<p><img decoding=\"async\" src=\"http:\/\/quergesang.de\/img\/logo.JPG\" width=\"25%\" \/> <img decoding=\"async\" src=\"http:\/\/quergesang.de\/soyfer_logo.gif\" width=\"10%\" \/><\/p>\n<hr \/>\n<p>Sturmzeit!<br \/>\nText: Jura Soyfer [1936] \/ Musik: Ferdinand Silhanek<\/p>\n<p>Wahlen im Dritten Reich<br \/>\nText: Jura Soyfer [1936] \/ Musik: Ferdinand Silhanek<\/p>\n<p>Reformiertes deutsches Kirchenlied<br \/>\nText: Jura Soyfer [1936] \/ Musik: Ferdinand Silhanek<\/p>\n<p>Lied von der Erde<br \/>\nText: Jura Soyfer [1936] \/ Musik: Ferdinand Silhanek<\/p>\n<p>Lesung<br \/>\nBiographische W\u00fcrdigung von Karin Sommer<\/p>\n<p>Dachau-Lied (1938)<br \/>\nText: Jura Soyfer \/ Musik: Herbert Zipper<\/p>\n<p>Drei rote Pfiffe (1979; aus \u201eHerbstreise\u201c)<br \/>\nText und Musik: Die Schmetterlinge \/ Chorsatz: Stephan Schindlbeck<\/p>\n<p>Warte, warte nur ein Weilchen (1979; aus \u201eHerbstreise\u201c)<br \/>\nText und Musik: Die Schmetterlinge \/ Chorsatz: Stephan Schindlbeck<\/p>\n<p>Fl\u00fcchtlingssonett<br \/>\nMusik: Arnold Sch\u00f6nberg (1874-1951) \/ Text: Ludwig Pfau (1849)<\/p>\n<p>Ballade von der \u201eJudenhure\u201c Marie Sanders (1935)<br \/>\nMusik: Hanns Eisler \/ Text: Bertolt Brecht<\/p>\n<p>Ballade vom Wasserrad (ca. 1932)<br \/>\nText: Bertolt Brecht \/ Musik: Harald Schneider<\/p>\n<p>Tot oder lebendig (ca. 1976; aus \u201eProletenpassion\u201c)<br \/>\nText und Musik: Die Schmetterlinge \/ Chorsatz: Stephan Schindlbeck<\/p>\n<p>Der zerrissene Rock (1932; aus \u201eDie Mutter\u201c)<br \/>\nText: Bertolt Brecht \/ Musik: Hanns Eisler<\/p>\n","protected":false},"excerpt":{"rendered":"<p>Der \u00f6sterreichische Dichter und Satiriker Jura Soyfer (1912-1939), der im KZ Buchenwald starb und nur 26 Jahre alt wurde, hat f\u00fcr seine schmale Lebensspanne ein bemerkenswertes Werk hinterlassen, das in \u00fcber 50 Sprachen \u00fcbersetzt worden ist. Am bekanntestes wurde er wohl mit dem Dachau-Lied, aber es gibt noch viel mehr zu entdecken an diesem Abend, &hellip; <a href=\"http:\/\/quergesang.de\/wordpress\/jura-soyfer-zuliebe\/\" class=\"more-link\"><span class=\"screen-reader-text\">\u201eJura Soyfer zuliebe&#8230;\u201c <\/span>weiterlesen<\/a><\/p>\n","protected":false},"author":1,"featured_media":0,"parent":0,"menu_order":0,"comment_status":"closed","ping_status":"closed","template":"","meta":{"footnotes":""},"class_list":["post-80","page","type-page","status-publish","hentry"],"_links":{"self":[{"href":"http:\/\/quergesang.de\/wordpress\/wp-json\/wp\/v2\/pages\/80","targetHints":{"allow":["GET"]}}],"collection":[{"href":"http:\/\/quergesang.de\/wordpress\/wp-json\/wp\/v2\/pages"}],"about":[{"href":"http:\/\/quergesang.de\/wordpress\/wp-json\/wp\/v2\/types\/page"}],"author":[{"embeddable":true,"href":"http:\/\/quergesang.de\/wordpress\/wp-json\/wp\/v2\/users\/1"}],"replies":[{"embeddable":true,"href":"http:\/\/quergesang.de\/wordpress\/wp-json\/wp\/v2\/comments?post=80"}],"version-history":[{"count":8,"href":"http:\/\/quergesang.de\/wordpress\/wp-json\/wp\/v2\/pages\/80\/revisions"}],"predecessor-version":[{"id":278,"href":"http:\/\/quergesang.de\/wordpress\/wp-json\/wp\/v2\/pages\/80\/revisions\/278"}],"wp:attachment":[{"href":"http:\/\/quergesang.de\/wordpress\/wp-json\/wp\/v2\/media?parent=80"}],"curies":[{"name":"wp","href":"https:\/\/api.w.org\/{rel}","templated":true}]}}