{"id":93,"date":"2017-02-27T11:42:17","date_gmt":"2017-02-27T10:42:17","guid":{"rendered":"http:\/\/quergesang.de\/wordpress\/?page_id=93"},"modified":"2025-04-24T21:33:00","modified_gmt":"2025-04-24T19:33:00","slug":"seitenwechsel-reden-erst-die-voelker-selber","status":"publish","type":"page","link":"http:\/\/quergesang.de\/wordpress\/seitenwechsel-reden-erst-die-voelker-selber\/","title":{"rendered":"Seitenwechsel: &#8222;Reden erst die V\u00f6lker selber\u2026&#8220;"},"content":{"rendered":"<p>Im Mittelpunkt dieses Programms stehen Befreiungslieder aus den L\u00e4ndern Europas gegen die deutschen Okkupanten im 2. Weltkrieg. Aufgef\u00fchrt in der jeweiligen Originalsprache, jedoch in neuen Arrangements, zeichnen die Lieder den Eroberungsfeldzug der deutschen Wehrmacht und Industrie nach, allerdings aus der Sicht bzw. auf Seiten der Angegriffenen. Jedes dieser Lieder repr\u00e4sentiert bis heute den Befreiungskampf der V\u00f6lker gegen ihre deutschen Peiniger und sie wurden h\u00e4ufig innerhalb k\u00fcrzester Zeit zu wirklichen Volksliedern. Ihre Popularit\u00e4t blieb ungebrochen: Bis heute sind sie \u2013 etwa in Polen, Frankreich, Italien, Jugoslawien, Griechenland oder Russland &#8211; bei den nationalen Feiern an den Jahrestagen der Befreiung neben der jeweiligen Landeshymne zu h\u00f6ren.<\/p>\n<p><img loading=\"lazy\" decoding=\"async\" class=\"alignright size-medium wp-image-488\" src=\"http:\/\/quergesang.de\/wp-content\/uploads\/2024\/01\/Seitenwechsel-Plakat.doc-218x300.jpg\" alt=\"\" width=\"218\" height=\"300\" srcset=\"http:\/\/quergesang.de\/wp-content\/uploads\/2024\/01\/Seitenwechsel-Plakat.doc-218x300.jpg 218w, http:\/\/quergesang.de\/wp-content\/uploads\/2024\/01\/Seitenwechsel-Plakat.doc-744x1024.jpg 744w, http:\/\/quergesang.de\/wp-content\/uploads\/2024\/01\/Seitenwechsel-Plakat.doc-768x1057.jpg 768w, http:\/\/quergesang.de\/wp-content\/uploads\/2024\/01\/Seitenwechsel-Plakat.doc-1117x1536.jpg 1117w, http:\/\/quergesang.de\/wp-content\/uploads\/2024\/01\/Seitenwechsel-Plakat.doc-1489x2048.jpg 1489w, http:\/\/quergesang.de\/wp-content\/uploads\/2024\/01\/Seitenwechsel-Plakat.doc-1200x1651.jpg 1200w, http:\/\/quergesang.de\/wp-content\/uploads\/2024\/01\/Seitenwechsel-Plakat.doc-scaled.jpg 1861w\" sizes=\"auto, (max-width: 218px) 85vw, 218px\" \/>In dem einst\u00fcndigen Programm werden die Befreiungslieder der angegriffenen V\u00f6lker kontrastiert mit Liedern und Texten von Bertolt Brecht \u00fcber Deutschland. Dadurch entsteht eine Montage, die unmittelbar an die Fragen der Gegenwart heranf\u00fchrt:\u00a0Nicht nur, dass die Volkslieder aus dem Widerstand hierzulande kaum jemand kennt, es stellt sich zugleich die Frage, warum es in Deutschland nichts Vergleichbares gibt. Weshalb wird bei uns die Befreiung von Faschismus und Krieg nicht ebenso gefeiert wie in allen anderen L\u00e4ndern Europas?<\/p>\n<p>Bertolt Brecht formuliert im Solidarit\u00e4tslied seine sehr aktuelle Vorstellung von einem friedlichen Europa folgenderma\u00dfen: \u201eReden erst die V\u00f6lker selber, werden sie schnell einig sein\u201c. Durch die Montage im Programm soll aber auch \u00fcber die Umkehrung der Frage nachgedacht werden: Reden die V\u00f6lker eigentlich wirklich selber und wenn nein, wozu benutzen die Herrschenden dann die Vereinigung Europas? Vielleicht w\u00fcrde Brecht die Frage noch pr\u00e4gnanter stellen:<\/p>\n<p><i>Was soll daran gut sein,<br \/>\nwenn die Oberen ihre Raubz\u00fcge<br \/>\ngegen das eigene Volk<br \/>\nauf die anderen V\u00f6lker<br \/>\nausweiten und dabei an<br \/>\nkeine Grenzen mehr sto\u00dfen?\u00a0 <\/i><\/p>\n<p>Damit bleibt er \u00e4hnlich unbequem wie zu Lebzeiten. Aber vielleicht finden sich ja auch heute noch welche, die die Pl\u00e4ne ihrer Herrschenden ebenso nachhaltig wie unterhaltsam entlarven.<\/p>\n<p><strong>Auftritte mit Programmbeispielen:<\/strong><br \/>\n\u2022 <a href=\"http:\/\/quergesang.de\/5-2-11.php\">Am 11.02.2005 im Kulturhaus Abraxas beim Brecht Literaturfest \/ Augsburg<\/a><br \/>\n\u2022 <a href=\"http:\/\/quergesang.de\/5-5-3.php\">Am 03.05.2005 im DGB-Haus \/ M\u00fcnchen<\/a><\/p>\n","protected":false},"excerpt":{"rendered":"<p>Im Mittelpunkt dieses Programms stehen Befreiungslieder aus den L\u00e4ndern Europas gegen die deutschen Okkupanten im 2. Weltkrieg. Aufgef\u00fchrt in der jeweiligen Originalsprache, jedoch in neuen Arrangements, zeichnen die Lieder den Eroberungsfeldzug der deutschen Wehrmacht und Industrie nach, allerdings aus der Sicht bzw. auf Seiten der Angegriffenen. Jedes dieser Lieder repr\u00e4sentiert bis heute den Befreiungskampf der &hellip; <a href=\"http:\/\/quergesang.de\/wordpress\/seitenwechsel-reden-erst-die-voelker-selber\/\" class=\"more-link\"><span class=\"screen-reader-text\">\u201eSeitenwechsel: &#8222;Reden erst die V\u00f6lker selber\u2026&#8220;\u201c <\/span>weiterlesen<\/a><\/p>\n","protected":false},"author":1,"featured_media":88,"parent":0,"menu_order":0,"comment_status":"closed","ping_status":"closed","template":"","meta":{"footnotes":""},"class_list":["post-93","page","type-page","status-publish","has-post-thumbnail","hentry"],"_links":{"self":[{"href":"http:\/\/quergesang.de\/wordpress\/wp-json\/wp\/v2\/pages\/93","targetHints":{"allow":["GET"]}}],"collection":[{"href":"http:\/\/quergesang.de\/wordpress\/wp-json\/wp\/v2\/pages"}],"about":[{"href":"http:\/\/quergesang.de\/wordpress\/wp-json\/wp\/v2\/types\/page"}],"author":[{"embeddable":true,"href":"http:\/\/quergesang.de\/wordpress\/wp-json\/wp\/v2\/users\/1"}],"replies":[{"embeddable":true,"href":"http:\/\/quergesang.de\/wordpress\/wp-json\/wp\/v2\/comments?post=93"}],"version-history":[{"count":4,"href":"http:\/\/quergesang.de\/wordpress\/wp-json\/wp\/v2\/pages\/93\/revisions"}],"predecessor-version":[{"id":489,"href":"http:\/\/quergesang.de\/wordpress\/wp-json\/wp\/v2\/pages\/93\/revisions\/489"}],"wp:featuredmedia":[{"embeddable":true,"href":"http:\/\/quergesang.de\/wordpress\/wp-json\/wp\/v2\/media\/88"}],"wp:attachment":[{"href":"http:\/\/quergesang.de\/wordpress\/wp-json\/wp\/v2\/media?parent=93"}],"curies":[{"name":"wp","href":"https:\/\/api.w.org\/{rel}","templated":true}]}}