{"id":99,"date":"2017-02-27T11:45:18","date_gmt":"2017-02-27T10:45:18","guid":{"rendered":"http:\/\/quergesang.de\/wordpress\/?page_id=99"},"modified":"2025-04-24T21:35:12","modified_gmt":"2025-04-24T19:35:12","slug":"wenns-doch-endlich-aufwaerts-ginge","status":"publish","type":"page","link":"http:\/\/quergesang.de\/wordpress\/wenns-doch-endlich-aufwaerts-ginge\/","title":{"rendered":"&#8222;Wenn\u2019s doch endlich aufw\u00e4rts ginge\u2026&#8220;"},"content":{"rendered":"<p>Musikalischer Streifzug durch die Geschichte der Industrialisierung in Bayern<\/p>\n<p>Die Geschichte der Industrialisierung ist immer auch die Geschichte der kleinen Leute \u2013 egal ob in Bayern, in Deutschland oder in Tschurangrati. In den Liedern und Texten der Arbeiterbewegung, in ihren Widerstands-, Aktions-, Agitations- und Spottliedern spiegeln sich Erfolge und R\u00fcckschl\u00e4ge im Kampf f\u00fcr ein besseres Leben wieder.<\/p>\n<p><img loading=\"lazy\" decoding=\"async\" class=\"alignright size-full wp-image-573\" src=\"http:\/\/quergesang.de\/wp-content\/uploads\/2025\/04\/Aufwaerts.png\" alt=\"\" width=\"125\" height=\"179\" \/> Aber Bayern und Industrialisierung \u2013 ist das nicht ein Widerspruch in sich? Denkt man bei Bayern bis heute nicht zu allererst an Bauern, Landwirtschaft, Natur? Bis weit ins 19. Jahrhundert hinein galt das K\u00f6nigreich tats\u00e4chlich als hinterw\u00e4ldlerisches Agrarland. Doch auch hier war auf Dauer die Industrialisierung nicht aufzuhalten und verbreitete sich vor allem in den gr\u00f6\u00dferen St\u00e4dten: in N\u00fcrnberg mit seiner \u201eMaschinenbauanstalt\u201c, in Augsburg mit der Textilindustrie und einer Maschinenfabrik, in M\u00fcnchen mit der Lokomotivenfabrik Maffei. In Penzberg, Miesbach und Hausham wurde nach Kohle gesch\u00fcrft, in der linksrheinischen Pfalz machte sich die Chemieindustrie breit. Fast ein Viertel der erwerbst\u00e4tigen Bev\u00f6lkerung Bayerns war um 1880 schon in Industrie und Handwerk t\u00e4tig. Doch die Arbeitsbedingungen in den Fabriken der fr\u00fchindustriellen Zeit waren unmenschlich. Die t\u00e4gliche Arbeitszeit lag zwischen 12 und 16 Stunden.<\/p>\n<p>Der musikalische Streifzug durch ein besonderes Kapitel der bayerischen Geschichte, von der Fr\u00fchzeit der Industrialisierung \u00fcber die Zeit der Sozialistengesetze und Verfolgung der Gewerkschaften bis hin zu den beiden Weltkriegen einschlie\u00dflich der Weimarer Zwischenkriegszeit, erz\u00e4hlt eindr\u00fccklich von den Zeiten des \u201eharten Brots\u201c. Doch werden die schwer erk\u00e4mpften Errungenschaften, die Rechte der arbeitenden Bev\u00f6lkerung, in Zeiten des Turbokapitalismus nicht allzu leichtfertig wieder aufs Spiel gesetzt?<\/p>\n<p><strong>Auftritte mit Programmbeispielen:<\/strong><br \/>\n\u2022 <a href=\"http:\/\/quergesang.de\/5-11-11.php\">Am 11.11.2005 in der Seidl-Villa \/ M\u00fcnchen<\/a><br \/>\n\u2022 <a href=\"http:\/\/quergesang.de\/6-6-1.php\"> Am 01.06.2006 im Bezirk von Oberbayern \/ M\u00fcnchen<\/a><br \/>\n\u2022 <a href=\"http:\/\/quergesang.de\/7-12-6.php\">Am 06.12.2007 beim 100. Geburtstag der SPD M\u00fcnchen-Allach\/Obermenzing<\/a><br \/>\n\u2022 Am 29.06.2008 im Stadtmuseum \/ Ingolstadt<\/p>\n","protected":false},"excerpt":{"rendered":"<p>Musikalischer Streifzug durch die Geschichte der Industrialisierung in Bayern Die Geschichte der Industrialisierung ist immer auch die Geschichte der kleinen Leute \u2013 egal ob in Bayern, in Deutschland oder in Tschurangrati. In den Liedern und Texten der Arbeiterbewegung, in ihren Widerstands-, Aktions-, Agitations- und Spottliedern spiegeln sich Erfolge und R\u00fcckschl\u00e4ge im Kampf f\u00fcr ein besseres &hellip; <a href=\"http:\/\/quergesang.de\/wordpress\/wenns-doch-endlich-aufwaerts-ginge\/\" class=\"more-link\"><span class=\"screen-reader-text\">\u201e&#8222;Wenn\u2019s doch endlich aufw\u00e4rts ginge\u2026&#8220;\u201c <\/span>weiterlesen<\/a><\/p>\n","protected":false},"author":1,"featured_media":88,"parent":0,"menu_order":0,"comment_status":"closed","ping_status":"closed","template":"","meta":{"footnotes":""},"class_list":["post-99","page","type-page","status-publish","has-post-thumbnail","hentry"],"_links":{"self":[{"href":"http:\/\/quergesang.de\/wordpress\/wp-json\/wp\/v2\/pages\/99","targetHints":{"allow":["GET"]}}],"collection":[{"href":"http:\/\/quergesang.de\/wordpress\/wp-json\/wp\/v2\/pages"}],"about":[{"href":"http:\/\/quergesang.de\/wordpress\/wp-json\/wp\/v2\/types\/page"}],"author":[{"embeddable":true,"href":"http:\/\/quergesang.de\/wordpress\/wp-json\/wp\/v2\/users\/1"}],"replies":[{"embeddable":true,"href":"http:\/\/quergesang.de\/wordpress\/wp-json\/wp\/v2\/comments?post=99"}],"version-history":[{"count":3,"href":"http:\/\/quergesang.de\/wordpress\/wp-json\/wp\/v2\/pages\/99\/revisions"}],"predecessor-version":[{"id":575,"href":"http:\/\/quergesang.de\/wordpress\/wp-json\/wp\/v2\/pages\/99\/revisions\/575"}],"wp:featuredmedia":[{"embeddable":true,"href":"http:\/\/quergesang.de\/wordpress\/wp-json\/wp\/v2\/media\/88"}],"wp:attachment":[{"href":"http:\/\/quergesang.de\/wordpress\/wp-json\/wp\/v2\/media?parent=99"}],"curies":[{"name":"wp","href":"https:\/\/api.w.org\/{rel}","templated":true}]}}