{"id":5,"date":"2016-11-23T19:08:18","date_gmt":"2016-11-23T19:08:18","guid":{"rendered":"http:\/?page_id=2"},"modified":"2025-07-26T16:37:10","modified_gmt":"2025-07-26T14:37:10","slug":"sample-page","status":"publish","type":"page","link":"https:\/\/quergesang.de\/wordpress\/","title":{"rendered":"Startseite"},"content":{"rendered":"<p>Freude am Singen plus gesellschaftskritisches Engagement \u2013 wie geht das zusammen? Wir, ein gemischter, mehrstimmiger Chor, stellen uns diese Frage immer wieder neu und haben dazu &#8211; h\u00e4ufig zusammen mit dem Roten Wecker &#8211; einige abendf\u00fcllende Musikprogramme entwickelt. Damit treten wir auch regelm\u00e4\u00dfig auf, so z.B. in M\u00fcnchen im Gasteig und in der Pasinger Fabrik oder in Augsburg und Berlin bei den Brecht-Tagen.<br \/>\n<img loading=\"lazy\" decoding=\"async\" class=\"wp-image-131 alignright\" src=\"http:\/\/quergesang.de\/wordpress\/wp-content\/uploads\/2016\/11\/dgb_haus-300x153.jpg\" alt=\"\" width=\"376\" height=\"192\" srcset=\"https:\/\/quergesang.de\/wp-content\/uploads\/2016\/11\/dgb_haus-300x153.jpg 300w, https:\/\/quergesang.de\/wp-content\/uploads\/2016\/11\/dgb_haus.jpg 340w\" sizes=\"auto, (max-width: 376px) 85vw, 376px\" \/><\/p>\n<p>In unserem Repertoire finden sich \u201eKlassiker\u201c von Bertolt Brecht, Kurt Tucholsky, Jura Soyfer, Hanns Eisler und Kurt Weill ebenso wie Friedenslieder, internationale Lieder oder Lieder, die einfach nur Spa\u00df machen. Und es ist nicht n\u00f6tig, Mitglied in einer Gewerkschaft oder Partei zu sein, um bei uns mitsingen zu k\u00f6nnen, alle sind willkommen, die sich gesellschaftlich engagieren wollen.<\/p>\n<p><strong>Achtung<\/strong>: Aktuell besteht eine gute M\u00f6glichkeit bei uns einzusteigen,<br \/>\nwir studieren gerade ein komplett neues Programm ein.\u00a0<a href=\"http:\/\/quergesang.de\/wp-content\/uploads\/2025\/07\/Dass-diese-Zeit-Saengerwerbung-vorn.pdf\">mehr&#8230;<\/a><\/p>\n<p>Unsere Lieder sind nicht immer ganz einfach, deshalb w\u00e4ren Notenkenntnisse hilfreich, ebenso sichere Melodief\u00fchrung. Wichtig ist die Bereitschaft, regelm\u00e4\u00dfig zu den Proben zu kommen. Zust\u00e4ndig f\u00fcr Stimmbildung und Einstudierung war 25 Jahre lang <span style=\"color: #800000;\"><strong>Fred Silla aka Ferdinand Silhanek<\/strong><\/span>, Dozent an der Musikhochschule M\u00fcnchen a.D., sp\u00e4ter am Richard-Strau\u00df-Institut in Garmisch-Partenkirchen. Er ist leider im Juni 2025 gestorben. Seine Aufgaben hat der Kirchenmusiker <span style=\"color: #800000;\"><strong>Martin Bernhard<\/strong><\/span> \u00fcbernommen, der auch den M\u00fcnchner Attac-Chor leitet. <a href=\"http:\/\/quergesang.de\/wp-content\/uploads\/2025\/05\/Chorgeschichte-Chronologie.pdf\">Chorgeschichte Chronologie<\/a><\/p>\n<p>Proben jeden Montag, 19-20.30 Uhr im EineWeltHaus, Schwanthalerstr. 80 \/ UG, Weltraum. Chorbeitrag monatlich 30 \u20ac (verhandelbar, falls n\u00f6tig). Weitere Ausk\u00fcnfte \u00fcber <a href=\"mailto:mail@quergesang.de\">mail@quergesang.de<\/a><\/p>\n<form action=\"\/index.php\" enctype=\"multipart\/form-data\" method=\"post\"><\/form>\n","protected":false},"excerpt":{"rendered":"<p>Freude am Singen plus gesellschaftskritisches Engagement \u2013 wie geht das zusammen? Wir, ein gemischter, mehrstimmiger Chor, stellen uns diese Frage immer wieder neu und haben dazu &#8211; h\u00e4ufig zusammen mit dem Roten Wecker &#8211; einige abendf\u00fcllende Musikprogramme entwickelt. Damit treten wir auch regelm\u00e4\u00dfig auf, so z.B. in M\u00fcnchen im Gasteig und in der Pasinger Fabrik &hellip; <a href=\"https:\/\/quergesang.de\/wordpress\/\" class=\"more-link\"><span class=\"screen-reader-text\">\u201eStartseite\u201c <\/span>weiterlesen<\/a><\/p>\n","protected":false},"author":1,"featured_media":349,"parent":0,"menu_order":0,"comment_status":"closed","ping_status":"closed","template":"","meta":{"footnotes":""},"class_list":["post-5","page","type-page","status-publish","has-post-thumbnail","hentry"],"_links":{"self":[{"href":"https:\/\/quergesang.de\/wordpress\/wp-json\/wp\/v2\/pages\/5","targetHints":{"allow":["GET"]}}],"collection":[{"href":"https:\/\/quergesang.de\/wordpress\/wp-json\/wp\/v2\/pages"}],"about":[{"href":"https:\/\/quergesang.de\/wordpress\/wp-json\/wp\/v2\/types\/page"}],"author":[{"embeddable":true,"href":"https:\/\/quergesang.de\/wordpress\/wp-json\/wp\/v2\/users\/1"}],"replies":[{"embeddable":true,"href":"https:\/\/quergesang.de\/wordpress\/wp-json\/wp\/v2\/comments?post=5"}],"version-history":[{"count":20,"href":"https:\/\/quergesang.de\/wordpress\/wp-json\/wp\/v2\/pages\/5\/revisions"}],"predecessor-version":[{"id":876,"href":"https:\/\/quergesang.de\/wordpress\/wp-json\/wp\/v2\/pages\/5\/revisions\/876"}],"wp:featuredmedia":[{"embeddable":true,"href":"https:\/\/quergesang.de\/wordpress\/wp-json\/wp\/v2\/media\/349"}],"wp:attachment":[{"href":"https:\/\/quergesang.de\/wordpress\/wp-json\/wp\/v2\/media?parent=5"}],"curies":[{"name":"wp","href":"https:\/\/api.w.org\/{rel}","templated":true}]}}